{"id":237,"date":"2025-09-30T16:59:43","date_gmt":"2025-09-30T13:59:43","guid":{"rendered":"https:\/\/drcopd.com\/hakkinda\/"},"modified":"2025-12-29T10:05:44","modified_gmt":"2025-12-29T07:05:44","slug":"hakkinda","status":"publish","type":"page","link":"https:\/\/drcopd.com\/tr\/hakkinda\/","title":{"rendered":"Hakk\u0131nda"},"content":{"rendered":"\r\n<h2 class=\"wp-block-heading\">DrCOPD ile Daha Rahat Nefes Al\u0131n<\/h2>\r\n<p>Broncho Muco Cleaner Koah balon tedavisi, Kronik Bronsitli KOAH Hastalar\u0131na sunulan yeni bir tedavi y\u00f6ntemidir.<br \/>Bu tedavi y\u00f6nteminin g\u00fcvenirlili\u011fi \u0130stanbul Yedikule G\u00f6\u011f\u00fcs Hastal\u0131klar\u0131 Hastanesinde yap\u0131lan bilimsel \u00e7al\u0131\u015fma ile kan\u0131tlanm\u0131\u015f ve \u00e7al\u0131\u015fman\u0131n sonu\u00e7lar\u0131 2026 Eyl\u00fcl ay\u0131ndaki ERS- Amsterdam Avrupa G\u00f6\u011f\u00fcs Hastal\u0131klar\u0131 Kongresinde Uluslararas\u0131 G\u00f6\u011f\u00fcs Hastal\u0131klar\u0131 camias\u0131n\u0131n dikkatine sunulmu\u015ftur.<\/p>\r\n","protected":false},"excerpt":{"rendered":"<p>DrCOPD ile Daha Rahat Nefes Al\u0131n Broncho Muco Cleaner Koah balon tedavisi, Kronik Bronsitli KOAH Hastalar\u0131na sunulan yeni bir tedavi y\u00f6ntemidir.Bu tedavi y\u00f6nteminin g\u00fcvenirlili\u011fi \u0130stanbul Yedikule G\u00f6\u011f\u00fcs Hastal\u0131klar\u0131 Hastanesinde yap\u0131lan bilimsel \u00e7al\u0131\u015fma ile kan\u0131tlanm\u0131\u015f ve \u00e7al\u0131\u015fman\u0131n sonu\u00e7lar\u0131 2026 Eyl\u00fcl ay\u0131ndaki ERS- Amsterdam Avrupa G\u00f6\u011f\u00fcs Hastal\u0131klar\u0131 Kongresinde Uluslararas\u0131 G\u00f6\u011f\u00fcs Hastal\u0131klar\u0131 camias\u0131n\u0131n dikkatine sunulmu\u015ftur.<\/p>\n","protected":false},"author":1,"featured_media":236,"parent":0,"menu_order":0,"comment_status":"closed","ping_status":"closed","template":"templates\/template--custom.php","meta":{"footnotes":""},"class_list":["post-237","page","type-page","status-publish","has-post-thumbnail","hentry"],"_links":{"self":[{"href":"https:\/\/drcopd.com\/tr\/wp-json\/wp\/v2\/pages\/237","targetHints":{"allow":["GET"]}}],"collection":[{"href":"https:\/\/drcopd.com\/tr\/wp-json\/wp\/v2\/pages"}],"about":[{"href":"https:\/\/drcopd.com\/tr\/wp-json\/wp\/v2\/types\/page"}],"author":[{"embeddable":true,"href":"https:\/\/drcopd.com\/tr\/wp-json\/wp\/v2\/users\/1"}],"replies":[{"embeddable":true,"href":"https:\/\/drcopd.com\/tr\/wp-json\/wp\/v2\/comments?post=237"}],"version-history":[{"count":4,"href":"https:\/\/drcopd.com\/tr\/wp-json\/wp\/v2\/pages\/237\/revisions"}],"predecessor-version":[{"id":473,"href":"https:\/\/drcopd.com\/tr\/wp-json\/wp\/v2\/pages\/237\/revisions\/473"}],"wp:featuredmedia":[{"embeddable":true,"href":"https:\/\/drcopd.com\/tr\/wp-json\/wp\/v2\/media\/236"}],"wp:attachment":[{"href":"https:\/\/drcopd.com\/tr\/wp-json\/wp\/v2\/media?parent=237"}],"curies":[{"name":"wp","href":"https:\/\/api.w.org\/{rel}","templated":true}]}}